{"id":47,"date":"2025-07-28T19:22:51","date_gmt":"2025-07-28T19:22:51","guid":{"rendered":"http:\/\/www.kapakliuzmanyildizkenttaksi.com\/?page_id=47"},"modified":"2025-07-29T10:16:58","modified_gmt":"2025-07-29T10:16:58","slug":"iletisim-2","status":"publish","type":"page","link":"http:\/\/www.kapakliuzmanyildizkenttaksi.com\/?page_id=47","title":{"rendered":"\u0130leti\u015fim"},"content":{"rendered":"\n<p>\ud83d\udccd Adres: Cumhuriyet Mahallesi, Yeni Cami Caddesi, No:1 Kapakl\u0131\/Tekirda\u011f<br>\ud83d\udcde Telefon: 0537 202 27 73<br>\ud83d\udce7 E-posta: info@kapakliuzmanyildizkenttaksi.com<br>\ud83d\udd52 Hizmet Saatleri: 7\/24 Hizmet<\/p>\n\n\n\n<p>Harita \u00fczerinden konumumuzu g\u00f6rmek i\u00e7in t\u0131klay\u0131n.<\/p>\n\n\n\n<div class=\"wp-block-buttons is-layout-flex wp-block-buttons-is-layout-flex\">\n<div class=\"wp-block-button\"><a class=\"wp-block-button__link wp-element-button\" href=\"https:\/\/maps.app.goo.gl\/4jArKAd1Wiz1ZFVV9?g_st=ipc\">Lokasyonu G\u00f6r<\/a><\/div>\n<\/div>\n\n\n\n<p><\/p>\n","protected":false},"excerpt":{"rendered":"<p>\ud83d\udccd Adres: Cumhuriyet Mahallesi, Yeni Cami Caddesi, No:1 Kapakl\u0131\/Tekirda\u011f\ud83d\udcde Telefon: 0537 202 27 73\ud83d\udce7 E-posta: info@kapakliuzmanyildizkenttaksi.com\ud83d\udd52 Hizmet Saatleri: 7\/24 Hizmet [&hellip;]<\/p>\n","protected":false},"author":1,"featured_media":0,"parent":0,"menu_order":0,"comment_status":"closed","ping_status":"closed","template":"","meta":{"site-sidebar-layout":"default","site-content-layout":"","ast-site-content-layout":"default","site-content-style":"default","site-sidebar-style":"default","ast-global-header-display":"","ast-banner-title-visibility":"","ast-main-header-display":"","ast-hfb-above-header-display":"","ast-hfb-below-header-display":"","ast-hfb-mobile-header-display":"","site-post-title":"","ast-breadcrumbs-content":"","ast-featured-img":"","footer-sml-layout":"","ast-disable-related-posts":"","theme-transparent-header-meta":"","adv-header-id-meta":"","stick-header-meta":"","header-above-stick-meta":"","header-main-stick-meta":"","header-below-stick-meta":"","astra-migrate-meta-layouts":"default","ast-page-background-enabled":"default","ast-page-background-meta":{"desktop":{"background-color":"var(--ast-global-color-5)","background-image":"","background-repeat":"repeat","background-position":"center center","background-size":"auto","background-attachment":"scroll","background-type":"","background-media":"","overlay-type":"","overlay-color":"","overlay-opacity":"","overlay-gradient":""},"tablet":{"background-color":"","background-image":"","background-repeat":"repeat","background-position":"center center","background-size":"auto","background-attachment":"scroll","background-type":"","background-media":"","overlay-type":"","overlay-color":"","overlay-opacity":"","overlay-gradient":""},"mobile":{"background-color":"","background-image":"","background-repeat":"repeat","background-position":"center center","background-size":"auto","background-attachment":"scroll","background-type":"","background-media":"","overlay-type":"","overlay-color":"","overlay-opacity":"","overlay-gradient":""}},"ast-content-background-meta":{"desktop":{"background-color":"var(--ast-global-color-4)","background-image":"","background-repeat":"repeat","background-position":"center center","background-size":"auto","background-attachment":"scroll","background-type":"","background-media":"","overlay-type":"","overlay-color":"","overlay-opacity":"","overlay-gradient":""},"tablet":{"background-color":"var(--ast-global-color-4)","background-image":"","background-repeat":"repeat","background-position":"center center","background-size":"auto","background-attachment":"scroll","background-type":"","background-media":"","overlay-type":"","overlay-color":"","overlay-opacity":"","overlay-gradient":""},"mobile":{"background-color":"var(--ast-global-color-4)","background-image":"","background-repeat":"repeat","background-position":"center center","background-size":"auto","background-attachment":"scroll","background-type":"","background-media":"","overlay-type":"","overlay-color":"","overlay-opacity":"","overlay-gradient":""}},"footnotes":""},"class_list":["post-47","page","type-page","status-publish","hentry"],"_links":{"self":[{"href":"http:\/\/www.kapakliuzmanyildizkenttaksi.com\/index.php?rest_route=\/wp\/v2\/pages\/47","targetHints":{"allow":["GET"]}}],"collection":[{"href":"http:\/\/www.kapakliuzmanyildizkenttaksi.com\/index.php?rest_route=\/wp\/v2\/pages"}],"about":[{"href":"http:\/\/www.kapakliuzmanyildizkenttaksi.com\/index.php?rest_route=\/wp\/v2\/types\/page"}],"author":[{"embeddable":true,"href":"http:\/\/www.kapakliuzmanyildizkenttaksi.com\/index.php?rest_route=\/wp\/v2\/users\/1"}],"replies":[{"embeddable":true,"href":"http:\/\/www.kapakliuzmanyildizkenttaksi.com\/index.php?rest_route=%2Fwp%2Fv2%2Fcomments&post=47"}],"version-history":[{"count":3,"href":"http:\/\/www.kapakliuzmanyildizkenttaksi.com\/index.php?rest_route=\/wp\/v2\/pages\/47\/revisions"}],"predecessor-version":[{"id":124,"href":"http:\/\/www.kapakliuzmanyildizkenttaksi.com\/index.php?rest_route=\/wp\/v2\/pages\/47\/revisions\/124"}],"wp:attachment":[{"href":"http:\/\/www.kapakliuzmanyildizkenttaksi.com\/index.php?rest_route=%2Fwp%2Fv2%2Fmedia&parent=47"}],"curies":[{"name":"wp","href":"https:\/\/api.w.org\/{rel}","templated":true}]}}