{"id":91,"date":"2025-07-28T21:23:07","date_gmt":"2025-07-28T21:23:07","guid":{"rendered":"http:\/\/www.kapakliuzmanyildizkenttaksi.com\/?page_id=91"},"modified":"2025-07-28T21:46:51","modified_gmt":"2025-07-28T21:46:51","slug":"hakkimizda","status":"publish","type":"page","link":"http:\/\/www.kapakliuzmanyildizkenttaksi.com\/","title":{"rendered":"Hakk\u0131m\u0131zda"},"content":{"rendered":"\n<div class=\"wp-block-group is-vertical is-layout-flex wp-container-core-group-is-layout-0bc941e6 wp-block-group-is-layout-flex\">\n<div class=\"wp-block-columns is-layout-flex wp-container-core-columns-is-layout-28f84493 wp-block-columns-is-layout-flex\">\n<div class=\"wp-block-column is-vertically-aligned-center is-layout-flow wp-block-column-is-layout-flow\">\n<p><strong><strong>\ud83d\udccc<\/strong> <strong>\ud83d\udccc<\/strong><\/strong> <strong>Kapakl\u0131 Uzman Y\u0131ld\u0131zkent Taksi<\/strong><\/p>\n\n\n\n<p>\ud83d\ude95 Kapakl\u0131\u2019da 7\/24 g\u00fcvenilir ve h\u0131zl\u0131 ula\u015f\u0131m hizmeti<\/p>\n\n\n\n<p>\ud83d\ude97 Temiz, konforlu ve d\u00fczenli bak\u0131ml\u0131 ara\u00e7lar<\/p>\n\n\n\n<p>\ud83d\ude0a Dakik, g\u00fcler y\u00fczl\u00fc ve deneyimli s\u00fcr\u00fcc\u00fcler<\/p>\n\n\n\n<p>\ud83d\udccd\u015eehir i\u00e7i ve \u015fehirler aras\u0131 taksi<\/p>\n\n\n\n<p>\ud83d\udccdHavaliman\u0131 transferi<br><br><strong>\u260e\ufe0f<\/strong> Hemen aray\u0131n, dakik hizmeti \u015fimdi ya\u015fay\u0131n!<\/p>\n\n\n\n<div class=\"wp-block-buttons is-layout-flex wp-block-buttons-is-layout-flex\">\n<div class=\"wp-block-button\"><a class=\"wp-block-button__link wp-element-button\" href=\"tel:+905372022773\">\ud83d\udcde 0 537 202 27 73<\/a><\/div>\n<\/div>\n<\/div>\n\n\n\n<div class=\"wp-block-column is-layout-flow wp-block-column-is-layout-flow\">\n<figure class=\"wp-block-gallery has-nested-images columns-default is-cropped wp-block-gallery-1 is-layout-flex wp-block-gallery-is-layout-flex\">\n<figure class=\"wp-block-image size-large\"><img loading=\"lazy\" decoding=\"async\" width=\"798\" height=\"1024\" data-id=\"88\" src=\"http:\/\/www.kapakliuzmanyildizkenttaksi.com\/wp-content\/uploads\/2025\/07\/PHOTO-2025-07-28-20-14-34-5-798x1024.jpeg\" alt=\"\" class=\"wp-image-88\" srcset=\"http:\/\/www.kapakliuzmanyildizkenttaksi.com\/wp-content\/uploads\/2025\/07\/PHOTO-2025-07-28-20-14-34-5-798x1024.jpeg 798w, http:\/\/www.kapakliuzmanyildizkenttaksi.com\/wp-content\/uploads\/2025\/07\/PHOTO-2025-07-28-20-14-34-5-234x300.jpeg 234w, http:\/\/www.kapakliuzmanyildizkenttaksi.com\/wp-content\/uploads\/2025\/07\/PHOTO-2025-07-28-20-14-34-5-768x986.jpeg 768w, http:\/\/www.kapakliuzmanyildizkenttaksi.com\/wp-content\/uploads\/2025\/07\/PHOTO-2025-07-28-20-14-34-5.jpeg 1024w\" sizes=\"auto, (max-width: 798px) 100vw, 798px\" \/><\/figure>\n<\/figure>\n<\/div>\n<\/div>\n<\/div>\n","protected":false},"excerpt":{"rendered":"<p>\ud83d\udccc \ud83d\udccc Kapakl\u0131 Uzman Y\u0131ld\u0131zkent Taksi \ud83d\ude95 Kapakl\u0131\u2019da 7\/24 g\u00fcvenilir ve h\u0131zl\u0131 ula\u015f\u0131m hizmeti \ud83d\ude97 Temiz, konforlu ve d\u00fczenli bak\u0131ml\u0131 [&hellip;]<\/p>\n","protected":false},"author":1,"featured_media":0,"parent":0,"menu_order":0,"comment_status":"closed","ping_status":"closed","template":"","meta":{"site-sidebar-layout":"default","site-content-layout":"","ast-site-content-layout":"default","site-content-style":"default","site-sidebar-style":"default","ast-global-header-display":"","ast-banner-title-visibility":"","ast-main-header-display":"","ast-hfb-above-header-display":"","ast-hfb-below-header-display":"","ast-hfb-mobile-header-display":"","site-post-title":"","ast-breadcrumbs-content":"","ast-featured-img":"","footer-sml-layout":"","ast-disable-related-posts":"","theme-transparent-header-meta":"","adv-header-id-meta":"","stick-header-meta":"","header-above-stick-meta":"","header-main-stick-meta":"","header-below-stick-meta":"","astra-migrate-meta-layouts":"default","ast-page-background-enabled":"default","ast-page-background-meta":{"desktop":{"background-color":"var(--ast-global-color-5)","background-image":"","background-repeat":"repeat","background-position":"center center","background-size":"auto","background-attachment":"scroll","background-type":"","background-media":"","overlay-type":"","overlay-color":"","overlay-opacity":"","overlay-gradient":""},"tablet":{"background-color":"","background-image":"","background-repeat":"repeat","background-position":"center center","background-size":"auto","background-attachment":"scroll","background-type":"","background-media":"","overlay-type":"","overlay-color":"","overlay-opacity":"","overlay-gradient":""},"mobile":{"background-color":"","background-image":"","background-repeat":"repeat","background-position":"center center","background-size":"auto","background-attachment":"scroll","background-type":"","background-media":"","overlay-type":"","overlay-color":"","overlay-opacity":"","overlay-gradient":""}},"ast-content-background-meta":{"desktop":{"background-color":"var(--ast-global-color-4)","background-image":"","background-repeat":"repeat","background-position":"center center","background-size":"auto","background-attachment":"scroll","background-type":"","background-media":"","overlay-type":"","overlay-color":"","overlay-opacity":"","overlay-gradient":""},"tablet":{"background-color":"var(--ast-global-color-4)","background-image":"","background-repeat":"repeat","background-position":"center center","background-size":"auto","background-attachment":"scroll","background-type":"","background-media":"","overlay-type":"","overlay-color":"","overlay-opacity":"","overlay-gradient":""},"mobile":{"background-color":"var(--ast-global-color-4)","background-image":"","background-repeat":"repeat","background-position":"center center","background-size":"auto","background-attachment":"scroll","background-type":"","background-media":"","overlay-type":"","overlay-color":"","overlay-opacity":"","overlay-gradient":""}},"footnotes":""},"class_list":["post-91","page","type-page","status-publish","hentry"],"_links":{"self":[{"href":"http:\/\/www.kapakliuzmanyildizkenttaksi.com\/index.php?rest_route=\/wp\/v2\/pages\/91","targetHints":{"allow":["GET"]}}],"collection":[{"href":"http:\/\/www.kapakliuzmanyildizkenttaksi.com\/index.php?rest_route=\/wp\/v2\/pages"}],"about":[{"href":"http:\/\/www.kapakliuzmanyildizkenttaksi.com\/index.php?rest_route=\/wp\/v2\/types\/page"}],"author":[{"embeddable":true,"href":"http:\/\/www.kapakliuzmanyildizkenttaksi.com\/index.php?rest_route=\/wp\/v2\/users\/1"}],"replies":[{"embeddable":true,"href":"http:\/\/www.kapakliuzmanyildizkenttaksi.com\/index.php?rest_route=%2Fwp%2Fv2%2Fcomments&post=91"}],"version-history":[{"count":4,"href":"http:\/\/www.kapakliuzmanyildizkenttaksi.com\/index.php?rest_route=\/wp\/v2\/pages\/91\/revisions"}],"predecessor-version":[{"id":115,"href":"http:\/\/www.kapakliuzmanyildizkenttaksi.com\/index.php?rest_route=\/wp\/v2\/pages\/91\/revisions\/115"}],"wp:attachment":[{"href":"http:\/\/www.kapakliuzmanyildizkenttaksi.com\/index.php?rest_route=%2Fwp%2Fv2%2Fmedia&parent=91"}],"curies":[{"name":"wp","href":"https:\/\/api.w.org\/{rel}","templated":true}]}}